{"id":532,"date":"2023-06-27T10:38:05","date_gmt":"2023-06-27T10:38:05","guid":{"rendered":"http:\/\/casamiret.ergatesweb7.ovh\/condiciones-de-reserva\/"},"modified":"2023-06-27T15:50:26","modified_gmt":"2023-06-27T15:50:26","slug":"condiciones-de-reserva","status":"publish","type":"page","link":"https:\/\/casamiret.com\/es\/condiciones-de-reserva\/","title":{"rendered":"Condiciones de reserva"},"content":{"rendered":"<div  class='flex_column av-75dly-c4f21c0d4c899413a96988896590c8dc av_one_full  avia-builder-el-0  avia-builder-el-no-sibling  first flex_column_div  '     ><section  class='av_textblock_section av-lje24sj7-65ba4002284fa5006fb50339a9b6f5e0 '   itemscope=\"itemscope\" itemtype=\"https:\/\/schema.org\/CreativeWork\" ><div class='avia_textblock'  itemprop=\"text\" ><h2>Condiciones de Reserva<\/h2>\n<h3>CONDICIONES DE LA RESERVA<\/h3>\n<h4>Contrato<\/h4>\n<p>El contrato tur\u00edstico de alojamiento es aquel mediante el cual la persona titular del establecimiento SOM CASA MIRET, SL Registro n\u00ba PT-000261 se obliga a proporcionarle alojamiento con o sin otros servicios complementarios. Este contrato puede celebrarse tanto presencialmente como a distancia. Tanto si se celebra de una u otra forma, los derechos y deberes de las partes son los especificados en el DECRETO 159\/2012, de 20 de noviembre, de establecimientos de alojamiento tur\u00edstico y de viviendas de uso tur\u00edstico, con las especificaciones detalladas por el establecimiento m\u00e1s adelante.<\/p>\n<p>Una vez informado de las condiciones, cuando el usuario realiza los tr\u00e1mites de reserva y est\u00e1 confirmada por el establecimiento, asume tambi\u00e9n impl\u00edcitamente las condiciones de reserva de SOM CASA MIRET, SL.<\/p>\n<h3>Reservas Art\u00edculo 25<\/h3>\n<h4>Paga y se\u00f1al por parte de las personas usuarias<\/h4>\n<p>Las personas titulares de los establecimientos de alojamiento pueden exigir a las personas usuarias que efect\u00faen un anticipo del precio que se entiende por anticipado del importe resultante de los servicios prestados.<\/p>\n<p>Cuando la reserva se haya realizado mediante herramientas de pago electr\u00f3nico y el establecimiento opte por cargar un anticipo del precio en concepto de paga y se\u00f1al, este cargo se efectuar\u00e1 dentro de las 48 horas siguientes a la formalizaci\u00f3n de la reserva. Transcurrido este plazo sin efectuarse el cargo se entiende confirmada la reserva sin anticipo de parte del precio.<\/p>\n<h3>Art\u00edculo 26<\/h3>\n<h4>Cancelaci\u00f3n de la reserva<\/h4>\n<ol>\n<li>El establecimiento de alojamiento tur\u00edstico est\u00e1 obligado a informar a la persona usuaria, antes de la formalizaci\u00f3n del contrato, sobre las cl\u00e1usulas de cancelaci\u00f3n.<\/li>\n<li>La cancelaci\u00f3n efectuada por la persona usuaria <strong>dentro de los diez d\u00edas anteriores a la fecha de llegada da lugar<\/strong> a las siguientes penalizaciones, salvo pacto en contrario:\n<ul>\n<li>Reserva por dos o menos d\u00edas, el <strong>50%<\/strong> del precio total de la estancia.<\/li>\n<li>Reserva por m\u00e1s de dos d\u00edas y hasta siete d\u00edas, el <strong>35%<\/strong> del precio total de la estancia.<br \/>\nReserva por m\u00e1s de siete d\u00edas, el <strong>25%<\/strong> del precio total de estancia.<\/li>\n<\/ul>\n<\/li>\n<li>Las anteriores penalizaciones no ser\u00e1n de aplicaci\u00f3n cuando la cancelaci\u00f3n se produzca por causa de fuerza mayor, debidamente acreditada.<\/li>\n<\/ol>\n<p>La persona usuaria tiene derecho a cancelar la reserva confirmada, sin penalizaci\u00f3n alguna, siempre que se haga antes de los diez d\u00edas anteriores a la fecha de llegada, salvo pacto en<\/p>\n<h3>Cancelaci\u00f3n de la reserva con cajas\/tarjetas regalo<\/h3>\n<p>La persona usuaria tiene derecho a cancelar la reserva confirmada, sin penalizaci\u00f3n alguna, siempre que lo haga antes del plazo marcado por la empresa editora de la caja \/tarjeta.<\/p>\n<p>Una vez agotado este plazo, el usuario ya no podr\u00e1 cancelar esta reserva aunque no haga uso de la tarjeta.<\/p>\n<h3>Ver las condiciones de cada empresa.<\/h3>\n<h4>Art\u00edculo 27<\/h4>\n<h4>Resarcimiento por renuncia de la estancia<\/h4>\n<p>La persona titular del establecimiento de alojamiento tur\u00edstico est\u00e1 obligada a informar a la persona o personas usuarias, antes de la realizaci\u00f3n del contrato, sobre la normativa aplicable en caso de renuncia de la estancia.<\/p>\n<p>Cuando la persona usuaria de un establecimiento de alojamiento abandone la unidad reservada antes de la fecha hasta la que ten\u00eda reservada, la persona titular del establecimiento puede solicitar hasta el equivalente al 50% del precio total de los servicios que queden por utilizar, salvo pacto espec\u00edfico entre las partes.<\/p>\n<p>En este caso, el establecimiento SOM CASA MIRET, SL se reserva el derecho de pedir <strong>el equivalente al 100% del precio total de los servicios contratados por el usuario.<\/strong> En caso de que el usuario alegue causa de fuerza mayor para renunciar a la estancia se le cobrar\u00e1 el 100% y en el momento que aporte el certificado oficial correspondiente, tal y como se especifica en el art\u00edculo 26, y una vez comprobado por el establecimiento se le devolver\u00eda el 50% en su caso.<\/p>\n<h3>Art\u00edculo 28<\/h3>\n<h4>Mantenimiento de la reserva<\/h4>\n<p>Cuando el establecimiento haya confirmado la reserva sin la exigencia de paga y se\u00f1al alguna, est\u00e1 obligado a mantenerla hasta la hora concertada con la persona usuaria, y en caso de no haberlo hecho, hasta las 20 horas del d\u00eda se\u00f1alado.<\/p>\n<p>Si la persona usuaria ha abonado la paga y se\u00f1al, el establecimiento est\u00e1 obligado a mantener la reserva efectuada sin l\u00edmite horario alguno por el n\u00famero de d\u00edas que \u00e9sta cubra, salvo pacto en contrario.<\/p>\n<h3>Subsecci\u00f3n 4a<\/h3>\n<h4>Identificaci\u00f3n de las personas usuarias, estancia y desalojo.<\/h4>\n<h4>Art\u00edculo 29<\/h4>\n<h4>Identificaci\u00f3n de las personas usuarias<\/h4>\n<p>La persona usuaria debe acreditar su identidad (obligatorio a partir de los 14 a\u00f1os) en el momento de efectuar la entrada en el establecimiento mediante la exhibici\u00f3n de un documento que acredite suficientemente su identidad. Este documento debe devolverse inmediatamente a la persona usuaria.<\/p>\n<p>El establecimiento debe llevar el registro de las personas usuarias alojadas y debe remitir a la Direcci\u00f3n General de la Polic\u00eda la informaci\u00f3n relativa a la estancia de las personas que se alojan, de acuerdo con la normativa de seguridad ciudadana aplicable a todos los establecimientos que faciliten, mediante precio, alojamiento a las personas.<\/p>\n<\/div><\/section><\/div>\n","protected":false},"excerpt":{"rendered":"","protected":false},"author":3,"featured_media":0,"parent":0,"menu_order":0,"comment_status":"closed","ping_status":"closed","template":"","meta":{"footnotes":""},"class_list":["post-532","page","type-page","status-publish","hentry"],"yoast_head":"<!-- This site is optimized with the Yoast SEO plugin v27.5 - https:\/\/yoast.com\/product\/yoast-seo-wordpress\/ -->\n<title>Condiciones de reserva - Casa Miret<\/title>\n<meta name=\"robots\" content=\"index, follow, max-snippet:-1, max-image-preview:large, max-video-preview:-1\" \/>\n<link rel=\"canonical\" href=\"https:\/\/casamiret.com\/es\/condiciones-de-reserva\/\" \/>\n<meta property=\"og:locale\" content=\"es_ES\" \/>\n<meta property=\"og:type\" content=\"article\" \/>\n<meta property=\"og:title\" content=\"Condiciones de reserva - Casa Miret\" \/>\n<meta property=\"og:url\" content=\"https:\/\/casamiret.com\/es\/condiciones-de-reserva\/\" \/>\n<meta property=\"og:site_name\" content=\"Casa Miret\" \/>\n<meta property=\"article:modified_time\" content=\"2023-06-27T15:50:26+00:00\" \/>\n<meta name=\"twitter:card\" content=\"summary_large_image\" \/>\n<meta name=\"twitter:label1\" content=\"Tiempo de lectura\" \/>\n\t<meta name=\"twitter:data1\" content=\"6 minutos\" \/>\n<script type=\"application\/ld+json\" class=\"yoast-schema-graph\">{\"@context\":\"https:\\\/\\\/schema.org\",\"@graph\":[{\"@type\":\"WebPage\",\"@id\":\"https:\\\/\\\/casamiret.com\\\/es\\\/condiciones-de-reserva\\\/\",\"url\":\"https:\\\/\\\/casamiret.com\\\/es\\\/condiciones-de-reserva\\\/\",\"name\":\"Condiciones de reserva - Casa Miret\",\"isPartOf\":{\"@id\":\"https:\\\/\\\/casamiret.com\\\/es\\\/#website\"},\"datePublished\":\"2023-06-27T10:38:05+00:00\",\"dateModified\":\"2023-06-27T15:50:26+00:00\",\"breadcrumb\":{\"@id\":\"https:\\\/\\\/casamiret.com\\\/es\\\/condiciones-de-reserva\\\/#breadcrumb\"},\"inLanguage\":\"es\",\"potentialAction\":[{\"@type\":\"ReadAction\",\"target\":[\"https:\\\/\\\/casamiret.com\\\/es\\\/condiciones-de-reserva\\\/\"]}]},{\"@type\":\"BreadcrumbList\",\"@id\":\"https:\\\/\\\/casamiret.com\\\/es\\\/condiciones-de-reserva\\\/#breadcrumb\",\"itemListElement\":[{\"@type\":\"ListItem\",\"position\":1,\"name\":\"Inici\",\"item\":\"https:\\\/\\\/casamiret.com\\\/es\\\/inicio\\\/\"},{\"@type\":\"ListItem\",\"position\":2,\"name\":\"Condiciones de reserva\"}]},{\"@type\":\"WebSite\",\"@id\":\"https:\\\/\\\/casamiret.com\\\/es\\\/#website\",\"url\":\"https:\\\/\\\/casamiret.com\\\/es\\\/\",\"name\":\"Casa Miret\",\"description\":\"Casa nostra, casa vostra\",\"potentialAction\":[{\"@type\":\"SearchAction\",\"target\":{\"@type\":\"EntryPoint\",\"urlTemplate\":\"https:\\\/\\\/casamiret.com\\\/es\\\/?s={search_term_string}\"},\"query-input\":{\"@type\":\"PropertyValueSpecification\",\"valueRequired\":true,\"valueName\":\"search_term_string\"}}],\"inLanguage\":\"es\"}]}<\/script>\n<!-- \/ Yoast SEO plugin. -->","yoast_head_json":{"title":"Condiciones de reserva - Casa Miret","robots":{"index":"index","follow":"follow","max-snippet":"max-snippet:-1","max-image-preview":"max-image-preview:large","max-video-preview":"max-video-preview:-1"},"canonical":"https:\/\/casamiret.com\/es\/condiciones-de-reserva\/","og_locale":"es_ES","og_type":"article","og_title":"Condiciones de reserva - Casa Miret","og_url":"https:\/\/casamiret.com\/es\/condiciones-de-reserva\/","og_site_name":"Casa Miret","article_modified_time":"2023-06-27T15:50:26+00:00","twitter_card":"summary_large_image","twitter_misc":{"Tiempo de lectura":"6 minutos"},"schema":{"@context":"https:\/\/schema.org","@graph":[{"@type":"WebPage","@id":"https:\/\/casamiret.com\/es\/condiciones-de-reserva\/","url":"https:\/\/casamiret.com\/es\/condiciones-de-reserva\/","name":"Condiciones de reserva - Casa Miret","isPartOf":{"@id":"https:\/\/casamiret.com\/es\/#website"},"datePublished":"2023-06-27T10:38:05+00:00","dateModified":"2023-06-27T15:50:26+00:00","breadcrumb":{"@id":"https:\/\/casamiret.com\/es\/condiciones-de-reserva\/#breadcrumb"},"inLanguage":"es","potentialAction":[{"@type":"ReadAction","target":["https:\/\/casamiret.com\/es\/condiciones-de-reserva\/"]}]},{"@type":"BreadcrumbList","@id":"https:\/\/casamiret.com\/es\/condiciones-de-reserva\/#breadcrumb","itemListElement":[{"@type":"ListItem","position":1,"name":"Inici","item":"https:\/\/casamiret.com\/es\/inicio\/"},{"@type":"ListItem","position":2,"name":"Condiciones de reserva"}]},{"@type":"WebSite","@id":"https:\/\/casamiret.com\/es\/#website","url":"https:\/\/casamiret.com\/es\/","name":"Casa Miret","description":"Casa nostra, casa vostra","potentialAction":[{"@type":"SearchAction","target":{"@type":"EntryPoint","urlTemplate":"https:\/\/casamiret.com\/es\/?s={search_term_string}"},"query-input":{"@type":"PropertyValueSpecification","valueRequired":true,"valueName":"search_term_string"}}],"inLanguage":"es"}]}},"_links":{"self":[{"href":"https:\/\/casamiret.com\/es\/wp-json\/wp\/v2\/pages\/532","targetHints":{"allow":["GET"]}}],"collection":[{"href":"https:\/\/casamiret.com\/es\/wp-json\/wp\/v2\/pages"}],"about":[{"href":"https:\/\/casamiret.com\/es\/wp-json\/wp\/v2\/types\/page"}],"author":[{"embeddable":true,"href":"https:\/\/casamiret.com\/es\/wp-json\/wp\/v2\/users\/3"}],"replies":[{"embeddable":true,"href":"https:\/\/casamiret.com\/es\/wp-json\/wp\/v2\/comments?post=532"}],"version-history":[{"count":4,"href":"https:\/\/casamiret.com\/es\/wp-json\/wp\/v2\/pages\/532\/revisions"}],"predecessor-version":[{"id":561,"href":"https:\/\/casamiret.com\/es\/wp-json\/wp\/v2\/pages\/532\/revisions\/561"}],"wp:attachment":[{"href":"https:\/\/casamiret.com\/es\/wp-json\/wp\/v2\/media?parent=532"}],"curies":[{"name":"wp","href":"https:\/\/api.w.org\/{rel}","templated":true}]}}