{"id":536,"date":"2023-06-27T10:46:10","date_gmt":"2023-06-27T10:46:10","guid":{"rendered":"http:\/\/casamiret.ergatesweb7.ovh\/contacto\/"},"modified":"2024-12-16T12:57:10","modified_gmt":"2024-12-16T11:57:10","slug":"contacto","status":"publish","type":"page","link":"https:\/\/casamiret.com\/es\/contacto\/","title":{"rendered":"Contacto"},"content":{"rendered":"\n<style type=\"text\/css\" data-created_by=\"avia_inline_auto\" id=\"style-css-av-12qlw-4f318ab82f19a389991f7d1b2279ea88\">\n.avia-section.av-12qlw-4f318ab82f19a389991f7d1b2279ea88{\nbackground-repeat:no-repeat;\nbackground-image:url(https:\/\/casamiret.com\/wp-content\/uploads\/2023\/06\/entrada-casa-miret.jpg);\nbackground-position:50% 50%;\nbackground-attachment:fixed;\n}\n.avia-section.av-12qlw-4f318ab82f19a389991f7d1b2279ea88 .av-section-color-overlay{\nopacity:0.5;\nbackground-color:#000000;\n}\n<\/style>\n<div id='av_section_1'  class='avia-section av-12qlw-4f318ab82f19a389991f7d1b2279ea88 main_color avia-section-no-padding avia-no-border-styling  avia-builder-el-0  el_before_av_one_half  avia-builder-el-first  avia-full-stretch avia-bg-style-fixed av-section-color-overlay-active av-minimum-height av-minimum-height-custom av-height-custom  container_wrap fullsize'  data-section-bg-repeat='stretch' data-av_minimum_height_px='700'><div class=\"av-section-color-overlay-wrap\"><div class=\"av-section-color-overlay\"><\/div><div class='container av-section-cont-open' style='height:700px'><main  role=\"main\" itemprop=\"mainContentOfPage\"  class='template-page content  av-content-full alpha units'><div class='post-entry post-entry-type-page post-entry-536'><div class='entry-content-wrapper clearfix'>\n\n<style type=\"text\/css\" data-created_by=\"avia_inline_auto\" id=\"style-css-av-lilseqc6-8504cf9a7c68b263f6f4ce41026309a7\">\n#top .av-special-heading.av-lilseqc6-8504cf9a7c68b263f6f4ce41026309a7{\npadding-bottom:10px;\n}\nbody .av-special-heading.av-lilseqc6-8504cf9a7c68b263f6f4ce41026309a7 .av-special-heading-tag .heading-char{\nfont-size:25px;\n}\n.av-special-heading.av-lilseqc6-8504cf9a7c68b263f6f4ce41026309a7 .av-subheading{\nfont-size:15px;\n}\n\n@media only screen and (max-width: 479px){ \n#top #wrap_all .av-special-heading.av-lilseqc6-8504cf9a7c68b263f6f4ce41026309a7 .av-special-heading-tag{\nfont-size:20px;\n}\n}\n<\/style>\n<div  class='av-special-heading av-lilseqc6-8504cf9a7c68b263f6f4ce41026309a7 av-special-heading-h1 blockquote modern-quote modern-centered  avia-builder-el-1  el_before_av_heading  avia-builder-el-first  h1-imatge'><h1 class='av-special-heading-tag '  itemprop=\"headline\"  >Contacto<\/h1><div class=\"special-heading-border\"><div class=\"special-heading-inner-border\"><\/div><\/div><\/div>\n\n<style type=\"text\/css\" data-created_by=\"avia_inline_auto\" id=\"style-css-av-lilsfg0e-412e41b7b7ca191185522fdbc1c56962\">\n#top .av-special-heading.av-lilsfg0e-412e41b7b7ca191185522fdbc1c56962{\npadding-bottom:10px;\n}\nbody .av-special-heading.av-lilsfg0e-412e41b7b7ca191185522fdbc1c56962 .av-special-heading-tag .heading-char{\nfont-size:25px;\n}\n.av-special-heading.av-lilsfg0e-412e41b7b7ca191185522fdbc1c56962 .av-subheading{\nfont-size:15px;\n}\n\n@media only screen and (max-width: 479px){ \n#top #wrap_all .av-special-heading.av-lilsfg0e-412e41b7b7ca191185522fdbc1c56962 .av-special-heading-tag{\nfont-size:20px;\n}\n}\n<\/style>\n<div  class='av-special-heading av-lilsfg0e-412e41b7b7ca191185522fdbc1c56962 av-special-heading-h3 blockquote modern-quote modern-centered  avia-builder-el-2  el_after_av_heading  avia-builder-el-last  titol-sota-menu'><h3 class='av-special-heading-tag '  itemprop=\"headline\"  >con nosotros<\/h3><div class=\"special-heading-border\"><div class=\"special-heading-inner-border\"><\/div><\/div><\/div>\n<\/div><\/div><\/main><!-- close content main element --><\/div><\/div><\/div><div id='after_section_1'  class='main_color av_default_container_wrap container_wrap fullsize'  ><div class='container av-section-cont-open' ><div class='template-page content  av-content-full alpha units'><div class='post-entry post-entry-type-page post-entry-536'><div class='entry-content-wrapper clearfix'>\n<div  class='flex_column av-1o44o-4625529b2a95d2a0a6bdbf13ebe17ec8 av_one_half  avia-builder-el-3  el_after_av_section  el_before_av_one_half  avia-builder-el-first  first flex_column_div  '     ><p>\n<style type=\"text\/css\" data-created_by=\"avia_inline_auto\" id=\"style-css-av-liu7zfno-6f4b0ff139657c1837f0d6db1d1fee0d\">\n.av_font_icon.av-liu7zfno-6f4b0ff139657c1837f0d6db1d1fee0d{\ncolor:#a81010;\nborder-color:#a81010;\n}\n.avia-svg-icon.av-liu7zfno-6f4b0ff139657c1837f0d6db1d1fee0d svg:first-child{\nstroke:#a81010;\nfill:#a81010;\n}\n.av_font_icon.av-liu7zfno-6f4b0ff139657c1837f0d6db1d1fee0d .av-icon-char{\nfont-size:40px;\nline-height:40px;\nwidth:40px;\n}\n<\/style>\n<span  class='av_font_icon av-liu7zfno-6f4b0ff139657c1837f0d6db1d1fee0d avia_animate_when_visible av-icon-style-border avia-icon-pos-center avia-iconfont avia-font-entypo-fontello avia-icon-animate'><a href='#mapa'   class='av-icon-char' data-av_icon='\ue842' data-av_iconfont='entypo-fontello' aria-hidden=\"false\" ><\/a><\/span><br \/>\n\n<style type=\"text\/css\" data-created_by=\"avia_inline_auto\" id=\"style-css-av-liu85oej-c47658eea754b1bcd7ed6112db4427b0\">\n#top .av-special-heading.av-liu85oej-c47658eea754b1bcd7ed6112db4427b0{\npadding-bottom:10px;\ncolor:#a81010;\n}\nbody .av-special-heading.av-liu85oej-c47658eea754b1bcd7ed6112db4427b0 .av-special-heading-tag .heading-char{\nfont-size:25px;\n}\n.av-special-heading.av-liu85oej-c47658eea754b1bcd7ed6112db4427b0 .special-heading-inner-border{\nborder-color:#a81010;\n}\n.av-special-heading.av-liu85oej-c47658eea754b1bcd7ed6112db4427b0 .av-subheading{\nfont-size:15px;\n}\n<\/style>\n<div  class='av-special-heading av-liu85oej-c47658eea754b1bcd7ed6112db4427b0 av-special-heading-h3 custom-color-heading blockquote modern-quote modern-centered  avia-builder-el-5  el_after_av_font_icon  avia-builder-el-last  h3-vermell-contacte av-linked-heading'><h3 class='av-special-heading-tag '  itemprop=\"headline\"  ><a class=\"av-heading-link\" href=\"#mapa\" >Mapa y direcci\u00f3n<\/a><\/h3><div class=\"special-heading-border\"><div class=\"special-heading-inner-border\"><\/div><\/div><\/div><\/p><\/div>\n<div  class='flex_column av-wpv4-92169ce5ca6a11ffd154b5dad3a28eca av_one_half  avia-builder-el-6  el_after_av_one_half  el_before_av_google_map  avia-builder-el-last  flex_column_div  '     ><p>\n<style type=\"text\/css\" data-created_by=\"avia_inline_auto\" id=\"style-css-av-liu83v73-653505498da5041eedd2061734925891\">\n.av_font_icon.av-liu83v73-653505498da5041eedd2061734925891{\ncolor:#a81010;\nborder-color:#a81010;\n}\n.avia-svg-icon.av-liu83v73-653505498da5041eedd2061734925891 svg:first-child{\nstroke:#a81010;\nfill:#a81010;\n}\n.av_font_icon.av-liu83v73-653505498da5041eedd2061734925891 .av-icon-char{\nfont-size:40px;\nline-height:40px;\nwidth:40px;\n}\n<\/style>\n<span  class='av_font_icon av-liu83v73-653505498da5041eedd2061734925891 avia_animate_when_visible av-icon-style-border avia-icon-pos-center avia-iconfont avia-font-entypo-fontello avia-icon-animate'><a href='#formulari'   class='av-icon-char' data-av_icon='\ue854' data-av_iconfont='entypo-fontello' aria-hidden=\"false\" ><\/a><\/span><br \/>\n\n<style type=\"text\/css\" data-created_by=\"avia_inline_auto\" id=\"style-css-av-livi3e0c-6984013805e4428c59a8c34084845484\">\n#top .av-special-heading.av-livi3e0c-6984013805e4428c59a8c34084845484{\npadding-bottom:10px;\ncolor:#a81010;\n}\nbody .av-special-heading.av-livi3e0c-6984013805e4428c59a8c34084845484 .av-special-heading-tag .heading-char{\nfont-size:25px;\n}\n.av-special-heading.av-livi3e0c-6984013805e4428c59a8c34084845484 .special-heading-inner-border{\nborder-color:#a81010;\n}\n.av-special-heading.av-livi3e0c-6984013805e4428c59a8c34084845484 .av-subheading{\nfont-size:15px;\n}\n<\/style>\n<div  class='av-special-heading av-livi3e0c-6984013805e4428c59a8c34084845484 av-special-heading-h3 custom-color-heading blockquote modern-quote modern-centered  avia-builder-el-8  el_after_av_font_icon  avia-builder-el-last  h3-vermell-contacte av-linked-heading'><h3 class='av-special-heading-tag '  itemprop=\"headline\"  ><a class=\"av-heading-link\" href=\"#formulari\" >Cont\u00e1ctanos<\/a><\/h3><div class=\"special-heading-border\"><div class=\"special-heading-inner-border\"><\/div><\/div><\/div><\/p><\/div>\n<div  id=\"mapa\"  class='av_gmaps_sc_main_wrap av_gmaps_main_wrap '><div id='av_gmap_0' class='avia-google-map-container avia-google-map-sc av_gmaps_show_unconditionally av-no-fallback-img ' data-mapid='av_gmap_0'  style='height: 400px;'><a class=\"av_gmaps_browser_disabled av_text_confirm_link av_text_confirm_link_visible\" href=\"https:\/\/www.google.com\/maps\/search\/?api=1&#038;query=C\/Major,%203%20%2043428%20%20Vallverd%20de%20Queralt%20%20%20Espa\u00f1a\" target=\"_blank\">Maps were disabled by the visitor on this site. Click to open the map in a new window.<\/a><\/div><\/div>\n<div  class='flex_column av-2d958-9749cab283ea5f39d354ee671d52926a av_one_full  avia-builder-el-10  el_after_av_google_map  el_before_av_one_half  avia-builder-el-first  first flex_column_div  '     ><p>\n<style type=\"text\/css\" data-created_by=\"avia_inline_auto\" id=\"style-css-av-livin30y-c75a086ccad5a5a55aed1beb29ba5e87\">\n#top .av-special-heading.av-livin30y-c75a086ccad5a5a55aed1beb29ba5e87{\npadding-bottom:10px;\n}\nbody .av-special-heading.av-livin30y-c75a086ccad5a5a55aed1beb29ba5e87 .av-special-heading-tag .heading-char{\nfont-size:25px;\n}\n.av-special-heading.av-livin30y-c75a086ccad5a5a55aed1beb29ba5e87 .av-subheading{\nfont-size:15px;\n}\n<\/style>\n<div  id=\"formulari\"  class='av-special-heading av-livin30y-c75a086ccad5a5a55aed1beb29ba5e87 av-special-heading-h2 blockquote modern-quote modern-centered  avia-builder-el-11  el_before_av_hr  avia-builder-el-first  h2-contacte'><h2 class='av-special-heading-tag '  itemprop=\"headline\"  >Contacto<\/h2><div class=\"special-heading-border\"><div class=\"special-heading-inner-border\"><\/div><\/div><\/div><br \/>\n\n<style type=\"text\/css\" data-created_by=\"avia_inline_auto\" id=\"style-css-av-13s3w-9b8d683918ddb529e5eed776f8bdbc1a\">\n#top .hr.av-13s3w-9b8d683918ddb529e5eed776f8bdbc1a{\nmargin-top:0px;\nmargin-bottom:10px;\n}\n.hr.av-13s3w-9b8d683918ddb529e5eed776f8bdbc1a .hr-inner{\nwidth:50px;\nborder-color:#9d1419;\n}\n<\/style>\n<div  class='hr av-13s3w-9b8d683918ddb529e5eed776f8bdbc1a hr-custom  avia-builder-el-12  el_after_av_heading  avia-builder-el-last  hr-center hr-icon-no'><span class='hr-inner inner-border-av-border-fat'><span class=\"hr-inner-style\"><\/span><\/span><\/div><\/p><\/div>\n<div  class='flex_column av-1qnn4-804469f538e151489e8b822e59ef429a av_one_half  avia-builder-el-13  el_after_av_one_full  el_before_av_one_half  first flex_column_div  column-top-margin'     ><p>\n<style type=\"text\/css\" data-created_by=\"avia_inline_auto\" id=\"style-css-av-livjg7z8-7d4a46265e6c513996b11d622d9774c8\">\n.iconbox.av-livjg7z8-7d4a46265e6c513996b11d622d9774c8 .iconbox_icon{\ncolor:#ea7847;\n}\n.iconbox.av-livjg7z8-7d4a46265e6c513996b11d622d9774c8 .iconbox_icon.avia-svg-icon svg:first-child{\nfill:#ea7847;\nstroke:#ea7847;\n}\n#top #wrap_all .iconbox.av-livjg7z8-7d4a46265e6c513996b11d622d9774c8 .iconbox_content_title{\ncolor:#9d1419;\n}\n.iconbox.av-livjg7z8-7d4a46265e6c513996b11d622d9774c8 .iconbox_content_container{\ncolor:#151515;\n}\n<\/style>\n<article  class='iconbox iconbox_left_content av-livjg7z8-7d4a46265e6c513996b11d622d9774c8 av-icon-style-no-border  avia-builder-el-14  el_before_av_icon_box  avia-builder-el-first '  itemscope=\"itemscope\" itemtype=\"https:\/\/schema.org\/CreativeWork\" ><div class='iconbox_icon heading-color avia-iconfont avia-font-entypo-fontello' data-av_icon='\ue854' data-av_iconfont='entypo-fontello' title=\"Ll\u00e1manos\" desc=\"Ll\u00e1manos\" ><\/div><div class=\"iconbox_content\"><header class=\"entry-content-header\" aria-label=\"Icon: Ll\u00e1manos\"><h3 class='iconbox_content_title '  itemprop=\"headline\" ><a href='tel:977 89 82 34' title='Ll\u00e1manos'  target=\"_blank\"  rel=\"noopener noreferrer\" >Ll\u00e1manos<\/a><\/h3><\/header><div class='iconbox_content_container av_inherit_color'  itemprop=\"text\" ><p><a href=\"tel:977%2089%2082%2034\">977 89 82 34<\/a> \u2013 <a href=\"tel:606%2028%2092%2047\">606 28 92 47<\/a> \u2013 <a href=\"tel:660%2010%2022%2035\">660 10 22 35<\/a><\/p>\n<\/div><\/div><footer class=\"entry-footer\"><\/footer><\/article><br \/>\n\n<style type=\"text\/css\" data-created_by=\"avia_inline_auto\" id=\"style-css-av-livjgqle-735d86aa60dd8a61aa5e4814115d3f77\">\n.iconbox.av-livjgqle-735d86aa60dd8a61aa5e4814115d3f77 .iconbox_icon{\ncolor:#ea7847;\n}\n.iconbox.av-livjgqle-735d86aa60dd8a61aa5e4814115d3f77 .iconbox_icon.avia-svg-icon svg:first-child{\nfill:#ea7847;\nstroke:#ea7847;\n}\n#top #wrap_all .iconbox.av-livjgqle-735d86aa60dd8a61aa5e4814115d3f77 .iconbox_content_title{\ncolor:#9d1419;\n}\n.iconbox.av-livjgqle-735d86aa60dd8a61aa5e4814115d3f77 .iconbox_content_container{\ncolor:#151515;\n}\n<\/style>\n<article  class='iconbox iconbox_left_content av-livjgqle-735d86aa60dd8a61aa5e4814115d3f77 av-icon-style-no-border  avia-builder-el-15  el_after_av_icon_box  el_before_av_icon_box '  itemscope=\"itemscope\" itemtype=\"https:\/\/schema.org\/CreativeWork\" ><div class='iconbox_icon heading-color avia-iconfont avia-font-entypo-fontello' data-av_icon='\ue805' data-av_iconfont='entypo-fontello' title=\"Env\u00edanos un Email\" desc=\"Env\u00edanos un Email\" ><\/div><div class=\"iconbox_content\"><header class=\"entry-content-header\" aria-label=\"Icon: Env\u00edanos un Email\"><h3 class='iconbox_content_title '  itemprop=\"headline\" ><a href='mailto:reservas@casamiret.com' title='Env\u00edanos un Email'  target=\"_blank\"  rel=\"noopener noreferrer\" >Env\u00edanos un Email<\/a><\/h3><\/header><div class='iconbox_content_container av_inherit_color'  itemprop=\"text\" ><p><a href=\"mailto:reservas@casamiret.com\">reservas@casamiret.com<\/a><\/p>\n<\/div><\/div><footer class=\"entry-footer\"><\/footer><\/article><br \/>\n\n<style type=\"text\/css\" data-created_by=\"avia_inline_auto\" id=\"style-css-av-livji0l8-998ea4363cbe633b6d22f1308516ccdd\">\n.iconbox.av-livji0l8-998ea4363cbe633b6d22f1308516ccdd .iconbox_icon{\ncolor:#ea7847;\n}\n.iconbox.av-livji0l8-998ea4363cbe633b6d22f1308516ccdd .iconbox_icon.avia-svg-icon svg:first-child{\nfill:#ea7847;\nstroke:#ea7847;\n}\n#top #wrap_all .iconbox.av-livji0l8-998ea4363cbe633b6d22f1308516ccdd .iconbox_content_title{\ncolor:#9d1419;\n}\n.iconbox.av-livji0l8-998ea4363cbe633b6d22f1308516ccdd .iconbox_content_container{\ncolor:#151515;\n}\n<\/style>\n<article  class='iconbox iconbox_left_content av-livji0l8-998ea4363cbe633b6d22f1308516ccdd av-icon-style-no-border  avia-builder-el-16  el_after_av_icon_box  avia-builder-el-last '  itemscope=\"itemscope\" itemtype=\"https:\/\/schema.org\/CreativeWork\" ><div class='iconbox_icon heading-color avia-iconfont avia-font-entypo-fontello' data-av_icon='\ue842' data-av_iconfont='entypo-fontello'  ><\/div><div class=\"iconbox_content\"><header class=\"entry-content-header\" aria-label=\"Icon: Encu\u00e9ntranos\"><h3 class='iconbox_content_title '  itemprop=\"headline\" >Encu\u00e9ntranos<\/h3><\/header><div class='iconbox_content_container av_inherit_color'  itemprop=\"text\" ><p>C\/Major, 3 \u2013 43428 Vallverd de Queralt (Tarragona)<\/p>\n<\/div><\/div><footer class=\"entry-footer\"><\/footer><\/article><\/p><\/div>\n<div  class='flex_column av-vrww-7888fc75fa198e0959b740c39502d37a av_one_half  avia-builder-el-17  el_after_av_one_half  avia-builder-el-last  flex_column_div  column-top-margin'     ><form action=\"https:\/\/casamiret.com\/es\/contacto\/\" method=\"post\" data-fields-with-error=\"Found errors in the following field(s):\" class=\"avia_ajax_form av-form-labels-hidden   avia-builder-el-18  avia-builder-el-no-sibling   \" data-avia-form-id=\"1\" data-avia-redirect='' ><fieldset><p class='  first_form  form_element form_fullwidth' id='element_avia_1_1'><label for=\"avia_1_1\">Nombre <abbr class=\"required\" title=\"requerido\">*<\/abbr><\/label> <input name=\"avia_1_1\" class=\"text_input is_empty\" type=\"text\" id=\"avia_1_1\" value=\"\"  placeholder='Nombre*'\/><\/p><p class='  first_form  form_element form_fullwidth' id='element_avia_2_1'><label for=\"avia_2_1\">Correo electr\u00f3nico <abbr class=\"required\" title=\"requerido\">*<\/abbr><\/label> <input name=\"avia_2_1\" class=\"text_input is_email\" type=\"text\" id=\"avia_2_1\" value=\"\"  placeholder='Correo electr\u00f3nico*'\/><\/p><p class='  first_form  form_element form_fullwidth' id='element_avia_3_1'><label for=\"avia_3_1\">Tel\u00e9fono<\/label> <input name=\"avia_3_1\" class=\"text_input \" type=\"text\" id=\"avia_3_1\" value=\"\"  placeholder='Tel\u00e9fono'\/><\/p><p class='  first_form  form_element form_fullwidth' id='element_avia_4_1'><label for=\"avia_4_1\" class=\"textare_label hidden textare_label_avia_4_1\">Mensaje <abbr class=\"required\" title=\"requerido\">*<\/abbr><\/label><textarea  placeholder='Mensaje*' name=\"avia_4_1\" class=\"text_area is_empty\" cols=\"40\" rows=\"7\" id=\"avia_4_1\" ><\/textarea><\/p><p class=\"hidden\"><input type=\"text\" name=\"avia_5_1\" class=\"hidden \" id=\"avia_5_1\" value=\"\" \/><\/p><div id='avia_6_1' class='av-recaptcha-area  first_form  form_element form_fullwidth av-last-visible-form-element '  data-container_class=\"\" data-custom_class=\"\" data-context=\"av_contact_form\" data-token_input=\"av_recaptcha_token\" data-version=\"avia_recaptcha_v3\" data-theme=\"light\" data-size=\"normal\" data-score=\"0.5\" data-text_to_preview=\"\" data-value=\"\"><div class=\"av-google-badge-message hidden\">Este sitio est\u00e1 protegido por reCAPTCHA y se aplican la <a href=\"https:\/\/policies.google.com\/privacy\" target=\"_blank\">Pol\u00edtica de privacidad<\/a> y las <a href=\"https:\/\/policies.google.com\/terms\" target=\"_blank\">Condiciones de servicio <\/a> de Google.<\/div><\/div><p class=' av_form_privacy_check av_contact_privacy_check first_form  form_element form_fullwidth' id='element_avia_7_1'><input  name=\"avia_7_1\" class=\"input_checkbox is_empty\" type=\"checkbox\" id=\"avia_7_1\" value=\"true\"\/><label class=\"input_checkbox_label\" for=\"avia_7_1\">Acepto los t\u00e9rminos y condiciones establecidos en la <a href='https:\/\/casamiret.com\/politica-privacitat\/' target='_blank'>Pol\u00edtica de privacidad<\/a> <abbr class=\"required\" title=\"requerido\">*<\/abbr><\/label><\/p><p class=\"form_element \"><input type=\"hidden\" value=\"1\" name=\"avia_generated_form1\" \/><input type=\"submit\" value=\"Enviar\" class=\"button\"  data-sending-label=\"Enviando\"\/><\/p><\/fieldset><div class=\"avia-disabled-form\">This contact form is deactivated because you refused to accept Google reCaptcha service which is necessary to validate any messages sent by the form.<\/div><\/form><div id=\"ajaxresponse_1\" class=\"ajaxresponse ajaxresponse_1 hidden\"><\/div><\/div>\n","protected":false},"excerpt":{"rendered":"","protected":false},"author":3,"featured_media":0,"parent":0,"menu_order":0,"comment_status":"closed","ping_status":"closed","template":"","meta":{"footnotes":""},"class_list":["post-536","page","type-page","status-publish","hentry"],"yoast_head":"<!-- This site is optimized with the Yoast SEO plugin v27.5 - https:\/\/yoast.com\/product\/yoast-seo-wordpress\/ -->\n<title>Cont\u00e1ctanos para tu estancia rural - Casa Miret<\/title>\n<meta name=\"description\" content=\"Ponte en contacto con nosotros para reservas o informaci\u00f3n sobre Casa Miret. Estamos aqu\u00ed para ayudarte a planificar tu visita. Estamos aqu\u00ed para ayudarle a planificar tu visita.\" \/>\n<meta name=\"robots\" content=\"index, follow, max-snippet:-1, max-image-preview:large, max-video-preview:-1\" \/>\n<link rel=\"canonical\" href=\"https:\/\/casamiret.com\/es\/contacto\/\" \/>\n<meta property=\"og:locale\" content=\"es_ES\" \/>\n<meta property=\"og:type\" content=\"article\" \/>\n<meta property=\"og:title\" content=\"Cont\u00e1ctanos para tu estancia rural - Casa Miret\" \/>\n<meta property=\"og:description\" content=\"Ponte en contacto con nosotros para reservas o informaci\u00f3n sobre Casa Miret. Estamos aqu\u00ed para ayudarte a planificar tu visita. Estamos aqu\u00ed para ayudarle a planificar tu visita.\" \/>\n<meta property=\"og:url\" content=\"https:\/\/casamiret.com\/es\/contacto\/\" \/>\n<meta property=\"og:site_name\" content=\"Casa Miret\" \/>\n<meta property=\"article:modified_time\" content=\"2024-12-16T11:57:10+00:00\" \/>\n<meta name=\"twitter:card\" content=\"summary_large_image\" \/>\n<meta name=\"twitter:label1\" content=\"Tiempo de lectura\" \/>\n\t<meta name=\"twitter:data1\" content=\"1 minuto\" \/>\n<script type=\"application\/ld+json\" class=\"yoast-schema-graph\">{\"@context\":\"https:\\\/\\\/schema.org\",\"@graph\":[{\"@type\":\"WebPage\",\"@id\":\"https:\\\/\\\/casamiret.com\\\/es\\\/contacto\\\/\",\"url\":\"https:\\\/\\\/casamiret.com\\\/es\\\/contacto\\\/\",\"name\":\"Cont\u00e1ctanos para tu estancia rural - Casa Miret\",\"isPartOf\":{\"@id\":\"https:\\\/\\\/casamiret.com\\\/es\\\/#website\"},\"datePublished\":\"2023-06-27T10:46:10+00:00\",\"dateModified\":\"2024-12-16T11:57:10+00:00\",\"description\":\"Ponte en contacto con nosotros para reservas o informaci\u00f3n sobre Casa Miret. Estamos aqu\u00ed para ayudarte a planificar tu visita. Estamos aqu\u00ed para ayudarle a planificar tu visita.\",\"breadcrumb\":{\"@id\":\"https:\\\/\\\/casamiret.com\\\/es\\\/contacto\\\/#breadcrumb\"},\"inLanguage\":\"es\",\"potentialAction\":[{\"@type\":\"ReadAction\",\"target\":[\"https:\\\/\\\/casamiret.com\\\/es\\\/contacto\\\/\"]}]},{\"@type\":\"BreadcrumbList\",\"@id\":\"https:\\\/\\\/casamiret.com\\\/es\\\/contacto\\\/#breadcrumb\",\"itemListElement\":[{\"@type\":\"ListItem\",\"position\":1,\"name\":\"Inici\",\"item\":\"https:\\\/\\\/casamiret.com\\\/es\\\/inicio\\\/\"},{\"@type\":\"ListItem\",\"position\":2,\"name\":\"Contacto\"}]},{\"@type\":\"WebSite\",\"@id\":\"https:\\\/\\\/casamiret.com\\\/es\\\/#website\",\"url\":\"https:\\\/\\\/casamiret.com\\\/es\\\/\",\"name\":\"Casa Miret\",\"description\":\"Casa nostra, casa vostra\",\"potentialAction\":[{\"@type\":\"SearchAction\",\"target\":{\"@type\":\"EntryPoint\",\"urlTemplate\":\"https:\\\/\\\/casamiret.com\\\/es\\\/?s={search_term_string}\"},\"query-input\":{\"@type\":\"PropertyValueSpecification\",\"valueRequired\":true,\"valueName\":\"search_term_string\"}}],\"inLanguage\":\"es\"}]}<\/script>\n<!-- \/ Yoast SEO plugin. -->","yoast_head_json":{"title":"Cont\u00e1ctanos para tu estancia rural - Casa Miret","description":"Ponte en contacto con nosotros para reservas o informaci\u00f3n sobre Casa Miret. Estamos aqu\u00ed para ayudarte a planificar tu visita. Estamos aqu\u00ed para ayudarle a planificar tu visita.","robots":{"index":"index","follow":"follow","max-snippet":"max-snippet:-1","max-image-preview":"max-image-preview:large","max-video-preview":"max-video-preview:-1"},"canonical":"https:\/\/casamiret.com\/es\/contacto\/","og_locale":"es_ES","og_type":"article","og_title":"Cont\u00e1ctanos para tu estancia rural - Casa Miret","og_description":"Ponte en contacto con nosotros para reservas o informaci\u00f3n sobre Casa Miret. Estamos aqu\u00ed para ayudarte a planificar tu visita. Estamos aqu\u00ed para ayudarle a planificar tu visita.","og_url":"https:\/\/casamiret.com\/es\/contacto\/","og_site_name":"Casa Miret","article_modified_time":"2024-12-16T11:57:10+00:00","twitter_card":"summary_large_image","twitter_misc":{"Tiempo de lectura":"1 minuto"},"schema":{"@context":"https:\/\/schema.org","@graph":[{"@type":"WebPage","@id":"https:\/\/casamiret.com\/es\/contacto\/","url":"https:\/\/casamiret.com\/es\/contacto\/","name":"Cont\u00e1ctanos para tu estancia rural - Casa Miret","isPartOf":{"@id":"https:\/\/casamiret.com\/es\/#website"},"datePublished":"2023-06-27T10:46:10+00:00","dateModified":"2024-12-16T11:57:10+00:00","description":"Ponte en contacto con nosotros para reservas o informaci\u00f3n sobre Casa Miret. Estamos aqu\u00ed para ayudarte a planificar tu visita. Estamos aqu\u00ed para ayudarle a planificar tu visita.","breadcrumb":{"@id":"https:\/\/casamiret.com\/es\/contacto\/#breadcrumb"},"inLanguage":"es","potentialAction":[{"@type":"ReadAction","target":["https:\/\/casamiret.com\/es\/contacto\/"]}]},{"@type":"BreadcrumbList","@id":"https:\/\/casamiret.com\/es\/contacto\/#breadcrumb","itemListElement":[{"@type":"ListItem","position":1,"name":"Inici","item":"https:\/\/casamiret.com\/es\/inicio\/"},{"@type":"ListItem","position":2,"name":"Contacto"}]},{"@type":"WebSite","@id":"https:\/\/casamiret.com\/es\/#website","url":"https:\/\/casamiret.com\/es\/","name":"Casa Miret","description":"Casa nostra, casa vostra","potentialAction":[{"@type":"SearchAction","target":{"@type":"EntryPoint","urlTemplate":"https:\/\/casamiret.com\/es\/?s={search_term_string}"},"query-input":{"@type":"PropertyValueSpecification","valueRequired":true,"valueName":"search_term_string"}}],"inLanguage":"es"}]}},"_links":{"self":[{"href":"https:\/\/casamiret.com\/es\/wp-json\/wp\/v2\/pages\/536","targetHints":{"allow":["GET"]}}],"collection":[{"href":"https:\/\/casamiret.com\/es\/wp-json\/wp\/v2\/pages"}],"about":[{"href":"https:\/\/casamiret.com\/es\/wp-json\/wp\/v2\/types\/page"}],"author":[{"embeddable":true,"href":"https:\/\/casamiret.com\/es\/wp-json\/wp\/v2\/users\/3"}],"replies":[{"embeddable":true,"href":"https:\/\/casamiret.com\/es\/wp-json\/wp\/v2\/comments?post=536"}],"version-history":[{"count":10,"href":"https:\/\/casamiret.com\/es\/wp-json\/wp\/v2\/pages\/536\/revisions"}],"predecessor-version":[{"id":765,"href":"https:\/\/casamiret.com\/es\/wp-json\/wp\/v2\/pages\/536\/revisions\/765"}],"wp:attachment":[{"href":"https:\/\/casamiret.com\/es\/wp-json\/wp\/v2\/media?parent=536"}],"curies":[{"name":"wp","href":"https:\/\/api.w.org\/{rel}","templated":true}]}}