{"id":539,"date":"2023-06-27T11:00:02","date_gmt":"2023-06-27T11:00:02","guid":{"rendered":"http:\/\/casamiret.ergatesweb7.ovh\/entorno\/"},"modified":"2024-07-10T09:23:55","modified_gmt":"2024-07-10T07:23:55","slug":"entorno","status":"publish","type":"page","link":"https:\/\/casamiret.com\/es\/entorno\/","title":{"rendered":"Entorno"},"content":{"rendered":"\n<style type=\"text\/css\" data-created_by=\"avia_inline_auto\" id=\"style-css-av-evxbt-9ec54050678119d4154e0bc903f43611\">\n.avia-section.av-evxbt-9ec54050678119d4154e0bc903f43611{\nbackground-repeat:no-repeat;\nbackground-image:url(https:\/\/casamiret.com\/wp-content\/uploads\/2023\/06\/entorn.jpg);\nbackground-position:50% 50%;\nbackground-attachment:fixed;\n}\n.avia-section.av-evxbt-9ec54050678119d4154e0bc903f43611 .av-section-color-overlay{\nopacity:0.5;\nbackground-color:#000000;\n}\n<\/style>\n<div id='av_section_1'  class='avia-section av-evxbt-9ec54050678119d4154e0bc903f43611 main_color avia-section-no-padding avia-no-border-styling  avia-builder-el-0  el_before_av_one_fifth  avia-builder-el-first  avia-full-stretch avia-bg-style-fixed av-section-color-overlay-active av-minimum-height av-minimum-height-custom av-height-custom  container_wrap fullsize'  data-section-bg-repeat='stretch' data-av_minimum_height_px='700'><div class=\"av-section-color-overlay-wrap\"><div class=\"av-section-color-overlay\"><\/div><div class='container av-section-cont-open' style='height:700px'><main  role=\"main\" itemprop=\"mainContentOfPage\"  class='template-page content  av-content-full alpha units'><div class='post-entry post-entry-type-page post-entry-539'><div class='entry-content-wrapper clearfix'>\n\n<style type=\"text\/css\" data-created_by=\"avia_inline_auto\" id=\"style-css-av-lispsvju-93dde1db14083f57c5ae55f98749a698\">\n#top .av-special-heading.av-lispsvju-93dde1db14083f57c5ae55f98749a698{\npadding-bottom:10px;\n}\nbody .av-special-heading.av-lispsvju-93dde1db14083f57c5ae55f98749a698 .av-special-heading-tag .heading-char{\nfont-size:25px;\n}\n.av-special-heading.av-lispsvju-93dde1db14083f57c5ae55f98749a698 .av-subheading{\nfont-size:15px;\n}\n\n@media only screen and (max-width: 479px){ \n#top #wrap_all .av-special-heading.av-lispsvju-93dde1db14083f57c5ae55f98749a698 .av-special-heading-tag{\nfont-size:20px;\n}\n}\n<\/style>\n<div  class='av-special-heading av-lispsvju-93dde1db14083f57c5ae55f98749a698 av-special-heading-h1 blockquote modern-quote modern-centered  avia-builder-el-1  el_before_av_heading  avia-builder-el-first  h1-imatge'><h1 class='av-special-heading-tag '  itemprop=\"headline\"  >Llocs  <\/h1><div class=\"special-heading-border\"><div class=\"special-heading-inner-border\"><\/div><\/div><\/div>\n\n<style type=\"text\/css\" data-created_by=\"avia_inline_auto\" id=\"style-css-av-a3cd5-ba19d8ecd7b0f0bbb336b320b28faa80\">\n#top .av-special-heading.av-a3cd5-ba19d8ecd7b0f0bbb336b320b28faa80{\npadding-bottom:10px;\n}\nbody .av-special-heading.av-a3cd5-ba19d8ecd7b0f0bbb336b320b28faa80 .av-special-heading-tag .heading-char{\nfont-size:25px;\n}\n.av-special-heading.av-a3cd5-ba19d8ecd7b0f0bbb336b320b28faa80 .av-subheading{\nfont-size:15px;\n}\n\n@media only screen and (max-width: 479px){ \n#top #wrap_all .av-special-heading.av-a3cd5-ba19d8ecd7b0f0bbb336b320b28faa80 .av-special-heading-tag{\nfont-size:20px;\n}\n}\n<\/style>\n<div  class='av-special-heading av-a3cd5-ba19d8ecd7b0f0bbb336b320b28faa80 av-special-heading-h3 blockquote modern-quote modern-centered  avia-builder-el-2  el_after_av_heading  avia-builder-el-last  titol-sota-menu'><h3 class='av-special-heading-tag '  itemprop=\"headline\"  >on ens agrada perdre\u2019ns<\/h3><div class=\"special-heading-border\"><div class=\"special-heading-inner-border\"><\/div><\/div><\/div>\n<\/div><\/div><\/main><!-- close content main element --><\/div><\/div><\/div><div id='after_section_1'  class='main_color av_default_container_wrap container_wrap fullsize'  ><div class='container av-section-cont-open' ><div class='template-page content  av-content-full alpha units'><div class='post-entry post-entry-type-page post-entry-539'><div class='entry-content-wrapper clearfix'>\n<div  class='flex_column av-hmbrl-c05feaecb7f838775164a8fb3527bf22 av_one_fifth  avia-builder-el-3  el_after_av_section  el_before_av_three_fifth  avia-builder-el-first  first flex_column_div  '     ><\/div>\n<div  class='flex_column av-7cn4h-7f7aafd6abd95c6d9e367d3e2c613461 av_three_fifth  avia-builder-el-4  el_after_av_one_fifth  el_before_av_one_fifth  flex_column_div  '     ><section  class='av_textblock_section av-liu4h0u7-2dbf1693100d53fd34e406725bbd3d8e '   itemscope=\"itemscope\" itemtype=\"https:\/\/schema.org\/CreativeWork\" ><div class='avia_textblock'  itemprop=\"text\" ><p style=\"text-align: center;\">Est\u00e1is en la Conca de Barber\u00e0, la comarca catalana con m\u00e1s patrimonio hist\u00f3rico. A nosotros nos gusta perdernos y descubrir nuevos caminos. Os recomendamos algunos lugares que no pod\u00e9is dejar pasar, pero tambi\u00e9n os invitamos a ser intr\u00e9pidos y que os aventur\u00e9is por cualquier lugar.  <\/p>\n<\/div><\/section><\/div>\n<div  class='flex_column av-ox7i1-3c08b3ecee35c58fbf0dd9440f634c85 av_one_fifth  avia-builder-el-6  el_after_av_three_fifth  el_before_av_layout_row  avia-builder-el-last  flex_column_div  '     ><\/div>\n<\/div><\/div><\/div><!-- close content main div --><\/div><\/div><div id='av-layout-grid-1'  class='av-layout-grid-container av-noua1-427962d917616fa1a20c054a17bf68fe entry-content-wrapper main_color av-flex-cells  avia-builder-el-7  el_after_av_one_fifth  el_before_av_layout_row  entorn av-grid-order-reverse av-cell-min-height av-cell-min-height-40 grid-row-not-first  container_wrap fullsize'   data-av_minimum_height_pc='40'>\n\n<style type=\"text\/css\" data-created_by=\"avia_inline_auto\" id=\"style-css-av-f9q8p-132ce9fc5c98f6d97a7e398ed202c8df\">\n.flex_cell.av-f9q8p-132ce9fc5c98f6d97a7e398ed202c8df{\nvertical-align:middle;\nbackground-color:#f7f5f5;\n}\n<\/style>\n<div class='flex_cell av-f9q8p-132ce9fc5c98f6d97a7e398ed202c8df av-gridrow-cell av_one_half no_margin  avia-builder-el-8  el_before_av_cell_one_half  avia-builder-el-first  content-align-middle'  ><div class='flex_cell_inner'>\n<style type=\"text\/css\" data-created_by=\"avia_inline_auto\" id=\"style-css-av-gjt6x-81e02a0c162d9d763b8040357c2c6b47\">\n.flex_column.av-gjt6x-81e02a0c162d9d763b8040357c2c6b47{\npadding:0 86px 0 86px;\n}\n\n@media only screen and (min-width: 990px){ \n.flex_column.av-gjt6x-81e02a0c162d9d763b8040357c2c6b47{\npadding:0 86px 0 86px;\n}\n}\n\n@media only screen and (min-width: 768px) and (max-width: 989px){ \n.flex_column.av-gjt6x-81e02a0c162d9d763b8040357c2c6b47{\npadding:0 50px 0 50px;\n}\n}\n\n@media only screen and (min-width: 480px) and (max-width: 767px){ \n.flex_column.av-gjt6x-81e02a0c162d9d763b8040357c2c6b47{\npadding:0 20px 0 20px;\n}\n}\n\n@media only screen and (max-width: 479px){ \n.flex_column.av-gjt6x-81e02a0c162d9d763b8040357c2c6b47{\npadding:0 15px 0 15px;\n}\n}\n<\/style>\n<div  class='flex_column av-gjt6x-81e02a0c162d9d763b8040357c2c6b47 av_one_full  avia-builder-el-9  avia-builder-el-no-sibling  first flex_column_div  '     ><p>\n<style type=\"text\/css\" data-created_by=\"avia_inline_auto\" id=\"style-css-av-liu1g0tt-e01ff225eb98492eb10cddb7edc19abf\">\n#top .av-special-heading.av-liu1g0tt-e01ff225eb98492eb10cddb7edc19abf{\npadding-bottom:10px;\n}\nbody .av-special-heading.av-liu1g0tt-e01ff225eb98492eb10cddb7edc19abf .av-special-heading-tag .heading-char{\nfont-size:25px;\n}\n.av-special-heading.av-liu1g0tt-e01ff225eb98492eb10cddb7edc19abf .av-subheading{\nfont-size:15px;\n}\n<\/style>\n<div  class='av-special-heading av-liu1g0tt-e01ff225eb98492eb10cddb7edc19abf av-special-heading-h3 blockquote modern-quote  avia-builder-el-10  el_before_av_textblock  avia-builder-el-first  h3-negre'><h3 class='av-special-heading-tag '  itemprop=\"headline\"  >Si us agrada la hist\u00f2ria<\/h3><div class=\"special-heading-border\"><div class=\"special-heading-inner-border\"><\/div><\/div><\/div><br \/>\n<section  class='av_textblock_section av-lisq0g5c-1eea8f530a591bfb3442d68d6af62955 '   itemscope=\"itemscope\" itemtype=\"https:\/\/schema.org\/CreativeWork\" ><div class='avia_textblock'  itemprop=\"text\" ><p>Monasterios del C\u00edster (Santes Creus, Poblet, Vallbona de les Monges\u2026), Arte rupestre en Montblanc, Cuevas de l\u2019Espluga de Francol\u00ed\u2026<\/p>\n<\/div><\/section><\/p><\/div>\n<\/div><\/div>\n<style type=\"text\/css\" data-created_by=\"avia_inline_auto\" id=\"style-css-av-9gbnt-d39fc2d6a02db078d0d9d17931eb4654\">\n.flex_cell.av-9gbnt-d39fc2d6a02db078d0d9d17931eb4654{\nvertical-align:top;\nbackground:url(https:\/\/casamiret.com\/wp-content\/uploads\/2023\/06\/monestir-de-poblet-1030x686.jpg) 50% 50% no-repeat scroll ;\n}\n<\/style>\n<div class='flex_cell av-9gbnt-d39fc2d6a02db078d0d9d17931eb4654 av-gridrow-cell av_one_half no_margin  avia-builder-el-12  el_after_av_cell_one_half  avia-builder-el-last  content-align-top avia-full-stretch'  ><div class='flex_cell_inner'><\/div><\/div><\/div><div id='av-layout-grid-2'  class='av-layout-grid-container av-111t3d-b064c52da91fb5a34a11b93d7e233f76 entry-content-wrapper main_color av-flex-cells  avia-builder-el-13  el_after_av_layout_row  el_before_av_layout_row  entorn av-cell-min-height av-cell-min-height-40 grid-row-not-first  container_wrap fullsize'   data-av_minimum_height_pc='40'>\n\n<style type=\"text\/css\" data-created_by=\"avia_inline_auto\" id=\"style-css-av-yzvtt-85c11113c6bfc98c9862cf5af66859fd\">\n.flex_cell.av-yzvtt-85c11113c6bfc98c9862cf5af66859fd{\nvertical-align:top;\nbackground:url(https:\/\/casamiret.com\/wp-content\/uploads\/2023\/06\/muralles-montblanc-1030x688.jpg) 0% 0% no-repeat scroll #f7f5f5;\n}\n<\/style>\n<div class='flex_cell av-yzvtt-85c11113c6bfc98c9862cf5af66859fd av-gridrow-cell av_one_half no_margin  avia-builder-el-14  el_before_av_cell_one_half  avia-builder-el-first  content-align-top avia-full-stretch'  ><div class='flex_cell_inner'><\/div><\/div>\n<style type=\"text\/css\" data-created_by=\"avia_inline_auto\" id=\"style-css-av-yt7d-ca8a97a86f15a5910025fc4980fb16a4\">\n.flex_cell.av-yt7d-ca8a97a86f15a5910025fc4980fb16a4{\nvertical-align:middle;\nbackground-color:#f7f5f5;\n}\n<\/style>\n<div class='flex_cell av-yt7d-ca8a97a86f15a5910025fc4980fb16a4 av-gridrow-cell av_one_half no_margin  avia-builder-el-15  el_after_av_cell_one_half  avia-builder-el-last  content-align-middle'  ><div class='flex_cell_inner'>\n<style type=\"text\/css\" data-created_by=\"avia_inline_auto\" id=\"style-css-av-siwhd-995174fa9ffa15c4639055b7fc699979\">\n.flex_column.av-siwhd-995174fa9ffa15c4639055b7fc699979{\npadding:0 86px 0 86px;\n}\n\n@media only screen and (min-width: 990px){ \n.flex_column.av-siwhd-995174fa9ffa15c4639055b7fc699979{\npadding:0 86px 0 86px;\n}\n}\n\n@media only screen and (min-width: 768px) and (max-width: 989px){ \n.flex_column.av-siwhd-995174fa9ffa15c4639055b7fc699979{\npadding:0 50px 0 50px;\n}\n}\n\n@media only screen and (min-width: 480px) and (max-width: 767px){ \n.flex_column.av-siwhd-995174fa9ffa15c4639055b7fc699979{\npadding:0 20px 0 20px;\n}\n}\n\n@media only screen and (max-width: 479px){ \n.flex_column.av-siwhd-995174fa9ffa15c4639055b7fc699979{\npadding:0 15px 0 15px;\n}\n}\n<\/style>\n<div  class='flex_column av-siwhd-995174fa9ffa15c4639055b7fc699979 av_one_full  avia-builder-el-16  avia-builder-el-no-sibling  first flex_column_div  '     ><p>\n<style type=\"text\/css\" data-created_by=\"avia_inline_auto\" id=\"style-css-av-liu21pyx-5626eb96fc511c5b904c5f08a583959e\">\n#top .av-special-heading.av-liu21pyx-5626eb96fc511c5b904c5f08a583959e{\npadding-bottom:10px;\n}\nbody .av-special-heading.av-liu21pyx-5626eb96fc511c5b904c5f08a583959e .av-special-heading-tag .heading-char{\nfont-size:25px;\n}\n.av-special-heading.av-liu21pyx-5626eb96fc511c5b904c5f08a583959e .av-subheading{\nfont-size:15px;\n}\n<\/style>\n<div  class='av-special-heading av-liu21pyx-5626eb96fc511c5b904c5f08a583959e av-special-heading-h3 blockquote modern-quote  avia-builder-el-17  el_before_av_textblock  avia-builder-el-first  h3-negre'><h3 class='av-special-heading-tag '  itemprop=\"headline\"  >Si sou m\u00e9s \u2018medievals\u2019<\/h3><div class=\"special-heading-border\"><div class=\"special-heading-inner-border\"><\/div><\/div><\/div><br \/>\n<section  class='av_textblock_section av-liss4xnh-f3a53c45c78bb376b52f4aab4b61a744 '   itemscope=\"itemscope\" itemtype=\"https:\/\/schema.org\/CreativeWork\" ><div class='avia_textblock'  itemprop=\"text\" ><p>Semana Medieval de St. Jordi en Montblanc, Ruta los Castillos (Conesa, Castell dels Llorac en Solivella, Castell de la Comanda en Barber\u00e0, Castell de Roquefort o de Biure de Gai\u00e0, For\u00e8s, Vallfogona de Riucorb\u2026).<\/p>\n<\/div><\/section><\/p><\/div>\n<\/div><\/div><\/div><div id='av-layout-grid-3'  class='av-layout-grid-container av-2534ft-52ba65b03f2bd3192831b8339a435c71 entry-content-wrapper main_color av-flex-cells  avia-builder-el-19  el_after_av_layout_row  el_before_av_layout_row  entorn av-grid-order-reverse av-cell-min-height av-cell-min-height-40 grid-row-not-first  container_wrap fullsize'   data-av_minimum_height_pc='40'>\n\n<style type=\"text\/css\" data-created_by=\"avia_inline_auto\" id=\"style-css-av-1yd15t-62e31e19a7e603e8030151b725d7eb51\">\n.flex_cell.av-1yd15t-62e31e19a7e603e8030151b725d7eb51{\nvertical-align:middle;\nbackground-color:#f7f5f5;\n}\n<\/style>\n<div class='flex_cell av-1yd15t-62e31e19a7e603e8030151b725d7eb51 av-gridrow-cell av_one_half no_margin  avia-builder-el-20  el_before_av_cell_one_half  avia-builder-el-first  content-align-middle'  ><div class='flex_cell_inner'>\n<style type=\"text\/css\" data-created_by=\"avia_inline_auto\" id=\"style-css-av-1oxw21-f51b9b4d0cc330ff1200933220fe1c38\">\n.flex_column.av-1oxw21-f51b9b4d0cc330ff1200933220fe1c38{\npadding:0 86px 0 86px;\n}\n\n@media only screen and (min-width: 990px){ \n.flex_column.av-1oxw21-f51b9b4d0cc330ff1200933220fe1c38{\npadding:0 86px 0 86px;\n}\n}\n\n@media only screen and (min-width: 768px) and (max-width: 989px){ \n.flex_column.av-1oxw21-f51b9b4d0cc330ff1200933220fe1c38{\npadding:0 50px 0 50px;\n}\n}\n\n@media only screen and (min-width: 480px) and (max-width: 767px){ \n.flex_column.av-1oxw21-f51b9b4d0cc330ff1200933220fe1c38{\npadding:0 20px 0 20px;\n}\n}\n\n@media only screen and (max-width: 479px){ \n.flex_column.av-1oxw21-f51b9b4d0cc330ff1200933220fe1c38{\npadding:0 15px 0 15px;\n}\n}\n<\/style>\n<div  class='flex_column av-1oxw21-f51b9b4d0cc330ff1200933220fe1c38 av_one_full  avia-builder-el-21  avia-builder-el-no-sibling  first flex_column_div  '     ><p>\n<style type=\"text\/css\" data-created_by=\"avia_inline_auto\" id=\"style-css-av-liu25j32-6042885420ae942daa3c902215fc78a3\">\n#top .av-special-heading.av-liu25j32-6042885420ae942daa3c902215fc78a3{\npadding-bottom:10px;\n}\nbody .av-special-heading.av-liu25j32-6042885420ae942daa3c902215fc78a3 .av-special-heading-tag .heading-char{\nfont-size:25px;\n}\n.av-special-heading.av-liu25j32-6042885420ae942daa3c902215fc78a3 .av-subheading{\nfont-size:15px;\n}\n<\/style>\n<div  class='av-special-heading av-liu25j32-6042885420ae942daa3c902215fc78a3 av-special-heading-h3 blockquote modern-quote  avia-builder-el-22  el_before_av_textblock  avia-builder-el-first  h3-negre'><h3 class='av-special-heading-tag '  itemprop=\"headline\"  >Si sou de muntanya<\/h3><div class=\"special-heading-border\"><div class=\"special-heading-inner-border\"><\/div><\/div><\/div><br \/>\n<section  class='av_textblock_section av-liu25zs6-7494293125a660a038d5a9903259f1f1 '   itemscope=\"itemscope\" itemtype=\"https:\/\/schema.org\/CreativeWork\" ><div class='avia_textblock'  itemprop=\"text\" ><p>Sant Miquel de Montclar, Ruta del C\u00edster, Sta. Perp\u00e8tua de Gai\u00e0, Serra de Miramar, Tossal Gros, la Cogulla, Serra de Prades,\u2026<\/p>\n<\/div><\/section><\/p><\/div>\n<\/div><\/div>\n<style type=\"text\/css\" data-created_by=\"avia_inline_auto\" id=\"style-css-av-1kv08x-efce6dac7b433e471bfbcebe78626c25\">\n.flex_cell.av-1kv08x-efce6dac7b433e471bfbcebe78626c25{\nvertical-align:top;\nbackground:url(https:\/\/casamiret.com\/wp-content\/uploads\/2023\/06\/Sant-Miquel-1030x581.jpg) 50% 50% no-repeat scroll ;\n}\n<\/style>\n<div class='flex_cell av-1kv08x-efce6dac7b433e471bfbcebe78626c25 av-gridrow-cell av_one_half no_margin  avia-builder-el-24  el_after_av_cell_one_half  avia-builder-el-last  content-align-top avia-full-stretch'  ><div class='flex_cell_inner'><\/div><\/div><\/div><div id='av-layout-grid-4'  class='av-layout-grid-container av-1epbjd-49c95735d0e7298a4851129f2bbb8952 entry-content-wrapper main_color av-flex-cells  avia-builder-el-25  el_after_av_layout_row  avia-builder-el-last  entorn av-cell-min-height av-cell-min-height-40 grid-row-not-first  container_wrap fullsize'   data-av_minimum_height_pc='40'>\n\n<style type=\"text\/css\" data-created_by=\"avia_inline_auto\" id=\"style-css-av-190jmh-e29b83c80f4e594ab06b08e56d3d9224\">\n.flex_cell.av-190jmh-e29b83c80f4e594ab06b08e56d3d9224{\nvertical-align:top;\nbackground:url(https:\/\/casamiret.com\/wp-content\/uploads\/2023\/06\/cellers-02-1030x773.jpg) 50% 50% no-repeat scroll #f7f5f5;\n}\n<\/style>\n<div class='flex_cell av-190jmh-e29b83c80f4e594ab06b08e56d3d9224 av-gridrow-cell av_one_half no_margin  avia-builder-el-26  el_before_av_cell_one_half  avia-builder-el-first  content-align-top avia-full-stretch'  ><div class='flex_cell_inner'><\/div><\/div>\n<style type=\"text\/css\" data-created_by=\"avia_inline_auto\" id=\"style-css-av-145hxd-7165d42fea0cb66e8a18faf0d677f53a\">\n.flex_cell.av-145hxd-7165d42fea0cb66e8a18faf0d677f53a{\nvertical-align:middle;\nbackground-color:#f7f5f5;\n}\n<\/style>\n<div class='flex_cell av-145hxd-7165d42fea0cb66e8a18faf0d677f53a av-gridrow-cell av_one_half no_margin  avia-builder-el-27  el_after_av_cell_one_half  avia-builder-el-last  content-align-middle'  ><div class='flex_cell_inner'>\n<style type=\"text\/css\" data-created_by=\"avia_inline_auto\" id=\"style-css-av-xlxzl-c6288361c07fa4b6cab0108d20554d4d\">\n.flex_column.av-xlxzl-c6288361c07fa4b6cab0108d20554d4d{\npadding:0 86px 0 86px;\n}\n\n@media only screen and (min-width: 990px){ \n.flex_column.av-xlxzl-c6288361c07fa4b6cab0108d20554d4d{\npadding:0 86px 0 86px;\n}\n}\n\n@media only screen and (min-width: 768px) and (max-width: 989px){ \n.flex_column.av-xlxzl-c6288361c07fa4b6cab0108d20554d4d{\npadding:0 50px 0 50px;\n}\n}\n\n@media only screen and (min-width: 480px) and (max-width: 767px){ \n.flex_column.av-xlxzl-c6288361c07fa4b6cab0108d20554d4d{\npadding:0 20px 0 20px;\n}\n}\n\n@media only screen and (max-width: 479px){ \n.flex_column.av-xlxzl-c6288361c07fa4b6cab0108d20554d4d{\npadding:0 15px 0 15px;\n}\n}\n<\/style>\n<div  class='flex_column av-xlxzl-c6288361c07fa4b6cab0108d20554d4d av_one_full  avia-builder-el-28  avia-builder-el-no-sibling  first flex_column_div  '     ><p>\n<style type=\"text\/css\" data-created_by=\"avia_inline_auto\" id=\"style-css-av-liu26k5h-04102dd275fce3f5b0faedc00450b497\">\n#top .av-special-heading.av-liu26k5h-04102dd275fce3f5b0faedc00450b497{\npadding-bottom:10px;\n}\nbody .av-special-heading.av-liu26k5h-04102dd275fce3f5b0faedc00450b497 .av-special-heading-tag .heading-char{\nfont-size:25px;\n}\n.av-special-heading.av-liu26k5h-04102dd275fce3f5b0faedc00450b497 .av-subheading{\nfont-size:15px;\n}\n<\/style>\n<div  class='av-special-heading av-liu26k5h-04102dd275fce3f5b0faedc00450b497 av-special-heading-h3 blockquote modern-quote  avia-builder-el-29  el_before_av_textblock  avia-builder-el-first  h3-negre'><h3 class='av-special-heading-tag '  itemprop=\"headline\"  >Si gaudiu del menjar i el beure<\/h3><div class=\"special-heading-border\"><div class=\"special-heading-inner-border\"><\/div><\/div><\/div><br \/>\n<section  class='av_textblock_section av-liu26zxn-90e0dd603d439eb79a12792f8f7715da '   itemscope=\"itemscope\" itemtype=\"https:\/\/schema.org\/CreativeWork\" ><div class='avia_textblock'  itemprop=\"text\" ><p>Fiesta del aceite en l\u2019Espluga de Francol\u00ed, l\u2019Ensafranada en Santa Coloma de Queralt, la Ruta del Trepat, las bodegas modernistas&#8230;<\/p>\n<\/div><\/section><\/p><\/div>\n<\/div><\/div><\/div><\/p>\n","protected":false},"excerpt":{"rendered":"","protected":false},"author":3,"featured_media":0,"parent":0,"menu_order":0,"comment_status":"closed","ping_status":"closed","template":"","meta":{"footnotes":""},"class_list":["post-539","page","type-page","status-publish","hentry"],"yoast_head":"<!-- This site is optimized with the Yoast SEO plugin v27.5 - https:\/\/yoast.com\/product\/yoast-seo-wordpress\/ -->\n<title>Descubre el entorno natural e hist\u00f3rico - Casa Miret<\/title>\n<meta name=\"description\" content=\"Explora la riqueza natural e hist\u00f3rica de la Conca de Barber\u00e0. Descubre rutas de senderismo, monasterios y festivales locales. Descubre rutas de senderismo, monasterios y festivales locales.\" \/>\n<meta name=\"robots\" content=\"index, follow, max-snippet:-1, max-image-preview:large, max-video-preview:-1\" \/>\n<link rel=\"canonical\" href=\"https:\/\/casamiret.com\/es\/entorno\/\" \/>\n<meta property=\"og:locale\" content=\"es_ES\" \/>\n<meta property=\"og:type\" content=\"article\" \/>\n<meta property=\"og:title\" content=\"Descubre el entorno natural e hist\u00f3rico - Casa Miret\" \/>\n<meta property=\"og:description\" content=\"Explora la riqueza natural e hist\u00f3rica de la Conca de Barber\u00e0. Descubre rutas de senderismo, monasterios y festivales locales. Descubre rutas de senderismo, monasterios y festivales locales.\" \/>\n<meta property=\"og:url\" content=\"https:\/\/casamiret.com\/es\/entorno\/\" \/>\n<meta property=\"og:site_name\" content=\"Casa Miret\" \/>\n<meta property=\"article:modified_time\" content=\"2024-07-10T07:23:55+00:00\" \/>\n<meta name=\"twitter:card\" content=\"summary_large_image\" \/>\n<meta name=\"twitter:label1\" content=\"Tiempo de lectura\" \/>\n\t<meta name=\"twitter:data1\" content=\"12 minutos\" \/>\n<script type=\"application\/ld+json\" class=\"yoast-schema-graph\">{\"@context\":\"https:\\\/\\\/schema.org\",\"@graph\":[{\"@type\":\"WebPage\",\"@id\":\"https:\\\/\\\/casamiret.com\\\/es\\\/entorno\\\/\",\"url\":\"https:\\\/\\\/casamiret.com\\\/es\\\/entorno\\\/\",\"name\":\"Descubre el entorno natural e hist\u00f3rico - Casa Miret\",\"isPartOf\":{\"@id\":\"https:\\\/\\\/casamiret.com\\\/es\\\/#website\"},\"datePublished\":\"2023-06-27T11:00:02+00:00\",\"dateModified\":\"2024-07-10T07:23:55+00:00\",\"description\":\"Explora la riqueza natural e hist\u00f3rica de la Conca de Barber\u00e0. Descubre rutas de senderismo, monasterios y festivales locales. Descubre rutas de senderismo, monasterios y festivales locales.\",\"breadcrumb\":{\"@id\":\"https:\\\/\\\/casamiret.com\\\/es\\\/entorno\\\/#breadcrumb\"},\"inLanguage\":\"es\",\"potentialAction\":[{\"@type\":\"ReadAction\",\"target\":[\"https:\\\/\\\/casamiret.com\\\/es\\\/entorno\\\/\"]}]},{\"@type\":\"BreadcrumbList\",\"@id\":\"https:\\\/\\\/casamiret.com\\\/es\\\/entorno\\\/#breadcrumb\",\"itemListElement\":[{\"@type\":\"ListItem\",\"position\":1,\"name\":\"Inici\",\"item\":\"https:\\\/\\\/casamiret.com\\\/es\\\/inicio\\\/\"},{\"@type\":\"ListItem\",\"position\":2,\"name\":\"Entorno\"}]},{\"@type\":\"WebSite\",\"@id\":\"https:\\\/\\\/casamiret.com\\\/es\\\/#website\",\"url\":\"https:\\\/\\\/casamiret.com\\\/es\\\/\",\"name\":\"Casa Miret\",\"description\":\"Casa nostra, casa vostra\",\"potentialAction\":[{\"@type\":\"SearchAction\",\"target\":{\"@type\":\"EntryPoint\",\"urlTemplate\":\"https:\\\/\\\/casamiret.com\\\/es\\\/?s={search_term_string}\"},\"query-input\":{\"@type\":\"PropertyValueSpecification\",\"valueRequired\":true,\"valueName\":\"search_term_string\"}}],\"inLanguage\":\"es\"}]}<\/script>\n<!-- \/ Yoast SEO plugin. -->","yoast_head_json":{"title":"Descubre el entorno natural e hist\u00f3rico - Casa Miret","description":"Explora la riqueza natural e hist\u00f3rica de la Conca de Barber\u00e0. Descubre rutas de senderismo, monasterios y festivales locales. Descubre rutas de senderismo, monasterios y festivales locales.","robots":{"index":"index","follow":"follow","max-snippet":"max-snippet:-1","max-image-preview":"max-image-preview:large","max-video-preview":"max-video-preview:-1"},"canonical":"https:\/\/casamiret.com\/es\/entorno\/","og_locale":"es_ES","og_type":"article","og_title":"Descubre el entorno natural e hist\u00f3rico - Casa Miret","og_description":"Explora la riqueza natural e hist\u00f3rica de la Conca de Barber\u00e0. Descubre rutas de senderismo, monasterios y festivales locales. Descubre rutas de senderismo, monasterios y festivales locales.","og_url":"https:\/\/casamiret.com\/es\/entorno\/","og_site_name":"Casa Miret","article_modified_time":"2024-07-10T07:23:55+00:00","twitter_card":"summary_large_image","twitter_misc":{"Tiempo de lectura":"12 minutos"},"schema":{"@context":"https:\/\/schema.org","@graph":[{"@type":"WebPage","@id":"https:\/\/casamiret.com\/es\/entorno\/","url":"https:\/\/casamiret.com\/es\/entorno\/","name":"Descubre el entorno natural e hist\u00f3rico - Casa Miret","isPartOf":{"@id":"https:\/\/casamiret.com\/es\/#website"},"datePublished":"2023-06-27T11:00:02+00:00","dateModified":"2024-07-10T07:23:55+00:00","description":"Explora la riqueza natural e hist\u00f3rica de la Conca de Barber\u00e0. Descubre rutas de senderismo, monasterios y festivales locales. Descubre rutas de senderismo, monasterios y festivales locales.","breadcrumb":{"@id":"https:\/\/casamiret.com\/es\/entorno\/#breadcrumb"},"inLanguage":"es","potentialAction":[{"@type":"ReadAction","target":["https:\/\/casamiret.com\/es\/entorno\/"]}]},{"@type":"BreadcrumbList","@id":"https:\/\/casamiret.com\/es\/entorno\/#breadcrumb","itemListElement":[{"@type":"ListItem","position":1,"name":"Inici","item":"https:\/\/casamiret.com\/es\/inicio\/"},{"@type":"ListItem","position":2,"name":"Entorno"}]},{"@type":"WebSite","@id":"https:\/\/casamiret.com\/es\/#website","url":"https:\/\/casamiret.com\/es\/","name":"Casa Miret","description":"Casa nostra, casa vostra","potentialAction":[{"@type":"SearchAction","target":{"@type":"EntryPoint","urlTemplate":"https:\/\/casamiret.com\/es\/?s={search_term_string}"},"query-input":{"@type":"PropertyValueSpecification","valueRequired":true,"valueName":"search_term_string"}}],"inLanguage":"es"}]}},"_links":{"self":[{"href":"https:\/\/casamiret.com\/es\/wp-json\/wp\/v2\/pages\/539","targetHints":{"allow":["GET"]}}],"collection":[{"href":"https:\/\/casamiret.com\/es\/wp-json\/wp\/v2\/pages"}],"about":[{"href":"https:\/\/casamiret.com\/es\/wp-json\/wp\/v2\/types\/page"}],"author":[{"embeddable":true,"href":"https:\/\/casamiret.com\/es\/wp-json\/wp\/v2\/users\/3"}],"replies":[{"embeddable":true,"href":"https:\/\/casamiret.com\/es\/wp-json\/wp\/v2\/comments?post=539"}],"version-history":[{"count":10,"href":"https:\/\/casamiret.com\/es\/wp-json\/wp\/v2\/pages\/539\/revisions"}],"predecessor-version":[{"id":726,"href":"https:\/\/casamiret.com\/es\/wp-json\/wp\/v2\/pages\/539\/revisions\/726"}],"wp:attachment":[{"href":"https:\/\/casamiret.com\/es\/wp-json\/wp\/v2\/media?parent=539"}],"curies":[{"name":"wp","href":"https:\/\/api.w.org\/{rel}","templated":true}]}}